{"id":11,"date":"2020-09-25T22:24:31","date_gmt":"2020-09-25T20:24:31","guid":{"rendered":"https:\/\/smart-tool-revolution.com\/wp\/?page_id=11"},"modified":"2024-04-22T22:16:33","modified_gmt":"2024-04-22T20:16:33","slug":"daten","status":"publish","type":"page","link":"https:\/\/smart-tool-revolution.com\/wp\/daten\/","title":{"rendered":"Daten"},"content":{"rendered":"\n<h2 class=\"wp-block-heading\"><strong>Auf diesen Seiten findet Ihr die Basisdokumente der Blogeintr\u00e4ge sowie andere n\u00fctzliche Inhalte.<\/strong><\/h2>\n\n\n\n<hr class=\"wp-block-separator has-text-color has-css-opacity has-background\" style=\"background-color:#63a9dd;color:#63a9dd\"\/>\n\n\n\n<div class=\"wp-block-columns is-layout-flex wp-container-core-columns-is-layout-9d6595d7 wp-block-columns-is-layout-flex\">\n<div class=\"wp-block-column is-layout-flow wp-block-column-is-layout-flow\" style=\"flex-basis:66.66%\">\n<p>Die hier liegende Arbeit wurde an der <a href=\"https:\/\/www.hs-coburg.de\/\" target=\"_blank\" rel=\"noopener noreferrer\">HS-Coburg<\/a> im Masterstudiengang <a href=\"https:\/\/www.zukunftsdesign.net\/\" target=\"_blank\" rel=\"noopener noreferrer\">ZukunftsDesign<\/a> erstellt. Sie gibt einen \u00dcberblick \u00fcber die lernende Organisation, welche die F\u00e4higkeit postuliert, die Wissensgesellschaft in Unternehmen zu etablieren und somit schneller zu lernen als die Konkurrenz. Im Speziellen werden die f\u00fcnf Disziplinen von Peter M. Senge (1990) \u00bb<a href=\"https:\/\/de.wikipedia.org\/wiki\/Lernende_Organisation#Personal_Mastery_%E2%80%93_individuelles_Wachstum\" target=\"_blank\" rel=\"noopener noreferrer\">Personal Mastery<\/a>\u00ab, \u00bb<a href=\"https:\/\/de.wikipedia.org\/wiki\/Lernende_Organisation#Mental_Models_%E2%80%93_mentale_Modelle\" target=\"_blank\" rel=\"noopener noreferrer\">Mental Models<\/a>\u00ab, \u00bb<a href=\"https:\/\/de.wikipedia.org\/wiki\/Lernende_Organisation#Shared_Visioning_%E2%80%93_gemeinsame_Vision\" target=\"_blank\" rel=\"noopener noreferrer\">Shared Vision<\/a>\u00ab, \u00bb<a href=\"https:\/\/de.wikipedia.org\/wiki\/Lernende_Organisation#Team_Learning_%E2%80%93_Lernen_im_Team\" target=\"_blank\" rel=\"noopener noreferrer\">Team Learning<\/a>\u00ab und \u00bb<a href=\"https:\/\/de.wikipedia.org\/wiki\/Lernende_Organisation#Systems_Thinking_%E2%80%93_Denken_in_Systemen\" target=\"_blank\" rel=\"noopener noreferrer\">Systems Thinking<\/a>\u00ab untersucht und den Bedenken von David A. Garvin (1994) und des Organisationssoziologen Stefan K\u00fchl (2000) gegen\u00fcbergestellt. In der Recherche wurde festgestellt, dass die Literatur zur lernenden Organisation eine Kulturver\u00e4nderung fordert, jedoch kaum Wege aufzeigt, wie diese durchzuf\u00fchren ist. Mitarbeiter, die als Kernst\u00fcck eines Unternehmens gelten, werden nicht psychologisch in einen Unternehmenswandel einbezogen. Weder in Bezug auf Kommunikation, Motivation, Flexibilit\u00e4t oder der Unternehmensvision wird auf die individuellen Bed\u00fcrfnisse der Arbeitnehmer oder deren Werte eingegangen. Die Ergebnisse zeigen, dass ein gelebtes Leadership auf allen Unternehmensebenen diesem Dilemma entgegenwirken kann.<\/p>\n<\/div>\n\n\n\n<div class=\"wp-block-column is-layout-flow wp-block-column-is-layout-flow\" style=\"flex-basis:33.33%\">\n<figure class=\"wp-block-image size-medium is-resized is-style-default\"><img loading=\"lazy\" decoding=\"async\" src=\"https:\/\/smart-tool-revolution.com\/wp\/wp-content\/uploads\/2020\/04\/Cover_Masterarbeit.svg\" alt=\"Masterarbeit\nIntegration der lernenden Organisation im Spannungsfeld der individuellen Unternehmenskultur\" class=\"wp-image-490\" width=\"194\" height=\"267\"\/><figcaption class=\"wp-element-caption\">MASTERARBEIT &#8211; Integration der lernenden Organisation im Spannungsfeld der individuellen Unternehmenskultur<\/figcaption><\/figure>\n\n\n\n<div class=\"wp-block-buttons is-layout-flex wp-block-buttons-is-layout-flex\">\n<div class=\"wp-block-button\"><a class=\"wp-block-button__link has-very-dark-gray-color has-text-color has-background wp-element-button\" href=\"https:\/\/smart-tool-revolution.com\/data_dl\/MA-Integration_lernende_Organisation.pdf\" style=\"border-radius:10px;background-color:#63a9dd\" target=\"_blank\" rel=\"noopener noreferrer\">Download<\/a><\/div>\n<\/div>\n<\/div>\n<\/div>\n\n\n\n<hr class=\"wp-block-separator has-text-color has-css-opacity has-background\" style=\"background-color:#63a9dd;color:#63a9dd\"\/>\n","protected":false},"excerpt":{"rendered":"<p>Auf diesen Seiten findet Ihr die Basisdokumente der Blogeintr\u00e4ge sowie andere n\u00fctzliche Inhalte. Die hier liegende Arbeit wurde an der HS-Coburg im Masterstudiengang ZukunftsDesign erstellt. Sie gibt einen \u00dcberblick \u00fcber die lernende Organisation, welche die&#8230;<\/p>\n<div class=\"more-link-wrapper\"><a class=\"more-link\" href=\"https:\/\/smart-tool-revolution.com\/wp\/daten\/\">Lesen Sie weiter<span class=\"screen-reader-text\">Daten<\/span><\/a><\/div>\n","protected":false},"author":1,"featured_media":0,"parent":0,"menu_order":0,"comment_status":"closed","ping_status":"closed","template":"","meta":{"inline_featured_image":false,"footnotes":""},"class_list":["post-11","page","type-page","status-publish","hentry","entry"],"yoast_head":"<!-- This site is optimized with the Yoast SEO plugin v18.4.1 - https:\/\/yoast.com\/wordpress\/plugins\/seo\/ -->\n<title>Daten - Smart Tool Revolution<\/title>\n<meta name=\"robots\" content=\"index, follow, max-snippet:-1, max-image-preview:large, max-video-preview:-1\" \/>\n<link rel=\"canonical\" href=\"https:\/\/smart-tool-revolution.com\/wp\/daten\/\" \/>\n<meta property=\"og:locale\" content=\"de_DE\" \/>\n<meta property=\"og:type\" content=\"article\" \/>\n<meta property=\"og:title\" content=\"Daten - Smart Tool Revolution\" \/>\n<meta property=\"og:description\" content=\"Auf diesen Seiten findet Ihr die Basisdokumente der Blogeintr\u00e4ge sowie andere n\u00fctzliche Inhalte. Die hier liegende Arbeit wurde an der HS-Coburg im Masterstudiengang ZukunftsDesign erstellt. Sie gibt einen \u00dcberblick \u00fcber die lernende Organisation, welche die&#8230;\" \/>\n<meta property=\"og:url\" content=\"https:\/\/smart-tool-revolution.com\/wp\/daten\/\" \/>\n<meta property=\"og:site_name\" content=\"Smart Tool Revolution\" \/>\n<meta property=\"article:modified_time\" content=\"2024-04-22T20:16:33+00:00\" \/>\n<meta property=\"og:image\" content=\"https:\/\/smart-tool-revolution.com\/wp\/wp-content\/uploads\/2020\/04\/Cover_Masterarbeit.svg\" \/>\n<meta name=\"twitter:card\" content=\"summary_large_image\" \/>\n<meta name=\"twitter:label1\" content=\"Gesch\u00e4tzte Lesezeit\" \/>\n\t<meta name=\"twitter:data1\" content=\"1\u00a0Minute\" \/>\n<script type=\"application\/ld+json\" class=\"yoast-schema-graph\">{\"@context\":\"https:\/\/schema.org\",\"@graph\":[{\"@type\":\"WebSite\",\"@id\":\"https:\/\/smart-tool-revolution.com\/wp\/#website\",\"url\":\"https:\/\/smart-tool-revolution.com\/wp\/\",\"name\":\"Smart Tool Revolution\",\"description\":\"\",\"potentialAction\":[{\"@type\":\"SearchAction\",\"target\":{\"@type\":\"EntryPoint\",\"urlTemplate\":\"https:\/\/smart-tool-revolution.com\/wp\/?s={search_term_string}\"},\"query-input\":\"required name=search_term_string\"}],\"inLanguage\":\"de\"},{\"@type\":\"ImageObject\",\"@id\":\"https:\/\/smart-tool-revolution.com\/wp\/daten\/#primaryimage\",\"inLanguage\":\"de\",\"url\":\"https:\/\/smart-tool-revolution.com\/wp\/wp-content\/uploads\/2020\/04\/Cover_Masterarbeit.svg\",\"contentUrl\":\"https:\/\/smart-tool-revolution.com\/wp\/wp-content\/uploads\/2020\/04\/Cover_Masterarbeit.svg\"},{\"@type\":\"WebPage\",\"@id\":\"https:\/\/smart-tool-revolution.com\/wp\/daten\/#webpage\",\"url\":\"https:\/\/smart-tool-revolution.com\/wp\/daten\/\",\"name\":\"Daten - Smart Tool Revolution\",\"isPartOf\":{\"@id\":\"https:\/\/smart-tool-revolution.com\/wp\/#website\"},\"primaryImageOfPage\":{\"@id\":\"https:\/\/smart-tool-revolution.com\/wp\/daten\/#primaryimage\"},\"datePublished\":\"2020-09-25T20:24:31+00:00\",\"dateModified\":\"2024-04-22T20:16:33+00:00\",\"breadcrumb\":{\"@id\":\"https:\/\/smart-tool-revolution.com\/wp\/daten\/#breadcrumb\"},\"inLanguage\":\"de\",\"potentialAction\":[{\"@type\":\"ReadAction\",\"target\":[\"https:\/\/smart-tool-revolution.com\/wp\/daten\/\"]}]},{\"@type\":\"BreadcrumbList\",\"@id\":\"https:\/\/smart-tool-revolution.com\/wp\/daten\/#breadcrumb\",\"itemListElement\":[{\"@type\":\"ListItem\",\"position\":1,\"name\":\"Startseite\",\"item\":\"https:\/\/smart-tool-revolution.com\/wp\/\"},{\"@type\":\"ListItem\",\"position\":2,\"name\":\"Daten\"}]}]}<\/script>\n<!-- \/ Yoast SEO plugin. -->","yoast_head_json":{"title":"Daten - Smart Tool Revolution","robots":{"index":"index","follow":"follow","max-snippet":"max-snippet:-1","max-image-preview":"max-image-preview:large","max-video-preview":"max-video-preview:-1"},"canonical":"https:\/\/smart-tool-revolution.com\/wp\/daten\/","og_locale":"de_DE","og_type":"article","og_title":"Daten - Smart Tool Revolution","og_description":"Auf diesen Seiten findet Ihr die Basisdokumente der Blogeintr\u00e4ge sowie andere n\u00fctzliche Inhalte. Die hier liegende Arbeit wurde an der HS-Coburg im Masterstudiengang ZukunftsDesign erstellt. Sie gibt einen \u00dcberblick \u00fcber die lernende Organisation, welche die&#8230;","og_url":"https:\/\/smart-tool-revolution.com\/wp\/daten\/","og_site_name":"Smart Tool Revolution","article_modified_time":"2024-04-22T20:16:33+00:00","og_image":[{"url":"https:\/\/smart-tool-revolution.com\/wp\/wp-content\/uploads\/2020\/04\/Cover_Masterarbeit.svg"}],"twitter_card":"summary_large_image","twitter_misc":{"Gesch\u00e4tzte Lesezeit":"1\u00a0Minute"},"schema":{"@context":"https:\/\/schema.org","@graph":[{"@type":"WebSite","@id":"https:\/\/smart-tool-revolution.com\/wp\/#website","url":"https:\/\/smart-tool-revolution.com\/wp\/","name":"Smart Tool Revolution","description":"","potentialAction":[{"@type":"SearchAction","target":{"@type":"EntryPoint","urlTemplate":"https:\/\/smart-tool-revolution.com\/wp\/?s={search_term_string}"},"query-input":"required name=search_term_string"}],"inLanguage":"de"},{"@type":"ImageObject","@id":"https:\/\/smart-tool-revolution.com\/wp\/daten\/#primaryimage","inLanguage":"de","url":"https:\/\/smart-tool-revolution.com\/wp\/wp-content\/uploads\/2020\/04\/Cover_Masterarbeit.svg","contentUrl":"https:\/\/smart-tool-revolution.com\/wp\/wp-content\/uploads\/2020\/04\/Cover_Masterarbeit.svg"},{"@type":"WebPage","@id":"https:\/\/smart-tool-revolution.com\/wp\/daten\/#webpage","url":"https:\/\/smart-tool-revolution.com\/wp\/daten\/","name":"Daten - Smart Tool Revolution","isPartOf":{"@id":"https:\/\/smart-tool-revolution.com\/wp\/#website"},"primaryImageOfPage":{"@id":"https:\/\/smart-tool-revolution.com\/wp\/daten\/#primaryimage"},"datePublished":"2020-09-25T20:24:31+00:00","dateModified":"2024-04-22T20:16:33+00:00","breadcrumb":{"@id":"https:\/\/smart-tool-revolution.com\/wp\/daten\/#breadcrumb"},"inLanguage":"de","potentialAction":[{"@type":"ReadAction","target":["https:\/\/smart-tool-revolution.com\/wp\/daten\/"]}]},{"@type":"BreadcrumbList","@id":"https:\/\/smart-tool-revolution.com\/wp\/daten\/#breadcrumb","itemListElement":[{"@type":"ListItem","position":1,"name":"Startseite","item":"https:\/\/smart-tool-revolution.com\/wp\/"},{"@type":"ListItem","position":2,"name":"Daten"}]}]}},"_links":{"self":[{"href":"https:\/\/smart-tool-revolution.com\/wp\/wp-json\/wp\/v2\/pages\/11","targetHints":{"allow":["GET"]}}],"collection":[{"href":"https:\/\/smart-tool-revolution.com\/wp\/wp-json\/wp\/v2\/pages"}],"about":[{"href":"https:\/\/smart-tool-revolution.com\/wp\/wp-json\/wp\/v2\/types\/page"}],"author":[{"embeddable":true,"href":"https:\/\/smart-tool-revolution.com\/wp\/wp-json\/wp\/v2\/users\/1"}],"replies":[{"embeddable":true,"href":"https:\/\/smart-tool-revolution.com\/wp\/wp-json\/wp\/v2\/comments?post=11"}],"version-history":[{"count":4,"href":"https:\/\/smart-tool-revolution.com\/wp\/wp-json\/wp\/v2\/pages\/11\/revisions"}],"predecessor-version":[{"id":171,"href":"https:\/\/smart-tool-revolution.com\/wp\/wp-json\/wp\/v2\/pages\/11\/revisions\/171"}],"wp:attachment":[{"href":"https:\/\/smart-tool-revolution.com\/wp\/wp-json\/wp\/v2\/media?parent=11"}],"curies":[{"name":"wp","href":"https:\/\/api.w.org\/{rel}","templated":true}]}}